{"id":92,"date":"2020-04-02T10:19:44","date_gmt":"2020-04-02T10:19:44","guid":{"rendered":"http:\/\/versicherungsmakler.site\/?page_id=92"},"modified":"2020-04-02T14:12:50","modified_gmt":"2020-04-02T14:12:50","slug":"schadenkurzmeldung","status":"publish","type":"page","link":"https:\/\/versicherungsmakler.site\/?page_id=92","title":{"rendered":"Schadenkurzmeldung"},"content":{"rendered":"<p><img decoding=\"async\" loading=\"lazy\" class=\"aligncenter wp-image-25 size-large\" src=\"http:\/\/versicherungsmakler.site\/wp-content\/uploads\/2020\/03\/AdobeStock_280323264-1024x691.jpeg\" alt=\"\" width=\"604\" height=\"408\" srcset=\"https:\/\/versicherungsmakler.site\/wp-content\/uploads\/2020\/03\/AdobeStock_280323264-1024x691.jpeg 1024w, https:\/\/versicherungsmakler.site\/wp-content\/uploads\/2020\/03\/AdobeStock_280323264-300x203.jpeg 300w, https:\/\/versicherungsmakler.site\/wp-content\/uploads\/2020\/03\/AdobeStock_280323264-768x518.jpeg 768w\" sizes=\"(max-width: 604px) 100vw, 604px\" \/><\/p>\n<p><strong>Sie hatten einen Schaden? \u00a0Kein Problem!\u00a0<\/strong><\/p>\n<p>Bitte senden Sie uns einfach das nachstehende Formular vollst\u00e4ndig aufgef\u00fcllt zu.<\/p>\n<div role=\"form\" class=\"wpcf7\" id=\"wpcf7-f91-o1\" lang=\"de-DE\" dir=\"ltr\">\n<div class=\"screen-reader-response\"><\/div>\n<form action=\"\/index.php?rest_route=%2Fwp%2Fv2%2Fpages%2F92#wpcf7-f91-o1\" method=\"post\" class=\"wpcf7-form\" novalidate=\"novalidate\">\n<div style=\"display: none;\">\n<input type=\"hidden\" name=\"_wpcf7\" value=\"91\" \/>\n<input type=\"hidden\" name=\"_wpcf7_version\" value=\"5.1.7\" \/>\n<input type=\"hidden\" name=\"_wpcf7_locale\" value=\"de_DE\" \/>\n<input type=\"hidden\" name=\"_wpcf7_unit_tag\" value=\"wpcf7-f91-o1\" \/>\n<input type=\"hidden\" name=\"_wpcf7_container_post\" value=\"0\" \/>\n<\/div>\n<p>Ihr Name<br \/>\n    <span class=\"wpcf7-form-control-wrap your-name\"><input type=\"text\" name=\"your-name\" value=\"\" size=\"40\" class=\"wpcf7-form-control wpcf7-text wpcf7-validates-as-required\" aria-required=\"true\" aria-invalid=\"false\" \/><\/span> <\/p>\n<p>Ihre E-Mail-Adresse<br \/>\n    <span class=\"wpcf7-form-control-wrap your-email\"><input type=\"email\" name=\"your-email\" value=\"\" size=\"40\" class=\"wpcf7-form-control wpcf7-text wpcf7-email wpcf7-validates-as-required wpcf7-validates-as-email\" aria-required=\"true\" aria-invalid=\"false\" \/><\/span> <\/p>\n<p>Telefonnummer:<br \/>\n<span class=\"wpcf7-form-control-wrap tel-183\"><input type=\"tel\" name=\"tel-183\" value=\"\" size=\"40\" class=\"wpcf7-form-control wpcf7-text wpcf7-tel wpcf7-validates-as-required wpcf7-validates-as-tel\" aria-required=\"true\" aria-invalid=\"false\" \/><\/span><\/p>\n<p>Versicherungsschein Nr.<br \/>\n<span class=\"wpcf7-form-control-wrap text-520\"><input type=\"text\" name=\"text-520\" value=\"\" size=\"40\" class=\"wpcf7-form-control wpcf7-text\" aria-invalid=\"false\" \/><\/span>\n<\/p>\n<p>Meldung f\u00fcr<br \/>\n<span class=\"wpcf7-form-control-wrap menu-193\"><select name=\"menu-193\" class=\"wpcf7-form-control wpcf7-select wpcf7-validates-as-required\" aria-required=\"true\" aria-invalid=\"false\"><option value=\"\">---<\/option><option value=\"Fotoapparateversicherung\">Fotoapparateversicherung<\/option><option value=\"Haftpflichtversicherung\">Haftpflichtversicherung<\/option><option value=\"Kfz-Schaden\">Kfz-Schaden<\/option><option value=\"Radkasko\">Radkasko<\/option><option value=\"Sachschaden\">Sachschaden<\/option><option value=\"Technische Versicherung\">Technische Versicherung<\/option><option value=\"Transportschaden\">Transportschaden<\/option><option value=\"Unfallversicherung\">Unfallversicherung<\/option><option value=\"Sonstige\">Sonstige<\/option><\/select><\/span><\/p>\n<p>Schadensdatum<br \/>\n<span class=\"wpcf7-form-control-wrap text-943\"><input type=\"text\" name=\"text-943\" value=\"\" size=\"40\" class=\"wpcf7-form-control wpcf7-text wpcf7-validates-as-required\" aria-required=\"true\" aria-invalid=\"false\" \/><\/span>\n<\/p>\n<p>Was ist passiert? Welche Gegenst\u00e4nde sind betroffen? <br \/>\n    <span class=\"wpcf7-form-control-wrap your-message\"><textarea name=\"your-message\" cols=\"40\" rows=\"10\" class=\"wpcf7-form-control wpcf7-textarea wpcf7-validates-as-required\" aria-required=\"true\" aria-invalid=\"false\"><\/textarea><\/span> <\/p>\n<p>Hiermit willige ich ausdr\u00fccklich ein, dass ich mit unverschl\u00fcsselten E-Mail\u00b4s zur Auftragsabwicklung einverstanden bin. Dieses Einverst\u00e4ndnis erteile ich ausdr\u00fccklich auch f\u00fcr den Fall, dass in der E-Mail Nachricht besondere pers\u00f6nliche Daten, wie z.B. Gesundheitsdaten oder der Finanzstatus, enthalten sind. Sofern ich bereits die besonderen pers\u00f6nlichen Daten per unverschl\u00fcsselter E-Mail an meinen Vermittler gesandt hatte, genehmige ich die nicht verschl\u00fcsselte Kommunikation bis auf Widerruf f\u00fcr die Zukunft. <\/p>\n<p><span class=\"wpcf7-form-control-wrap menu-387\"><select name=\"menu-387\" class=\"wpcf7-form-control wpcf7-select wpcf7-validates-as-required\" aria-required=\"true\" aria-invalid=\"false\"><option value=\"\">---<\/option><option value=\"Ich willige ein\">Ich willige ein<\/option><option value=\"Ich willige NICHT ein\">Ich willige NICHT ein<\/option><\/select><\/span><\/p>\n<p>Ohne eine ausdr\u00fcckliche Einwilligung ist uns aufgrund der ab dem 25.05.2018 geltenden europ\u00e4ischen DSGVO (Datenschutzgrundverordnung) nicht m\u00f6glich Ihnen eine Antwort zukommen zu lassen.<\/p>\n<p>Nach Absendung dieses Formulars werden wir uns schnellstm\u00f6glich per Mail oder Telefon mit Ihnen in Verbindung setzen. Bitte nehmen Sie zun\u00e4chst keine \u00c4nderungen an den Besch\u00e4digungen vor und fertigen Sie Fotos der Sch\u00e4den und etwaiger Einbruchspuren an ! Bei Sch\u00e4den durch kriminellen Handlungen erstatten Sie bitte immer eine polizeiliche Anzeige und lassen Sie sich ein schriftliches Protokoll in dem alle betroffenen Gegenst\u00e4nde mit Serien Nr. aufgef\u00fchrt sein m\u00fcssen aush\u00e4ndigen. <\/p>\n<p><input type=\"submit\" value=\"Senden\" class=\"wpcf7-form-control wpcf7-submit\" \/><\/p>\n<p style=\"display: none !important;\"><label>&#916;<textarea name=\"_wpcf7_ak_hp_textarea\" cols=\"45\" rows=\"8\" maxlength=\"100\"><\/textarea><\/label><input type=\"hidden\" id=\"ak_js_1\" name=\"_wpcf7_ak_js\" value=\"58\"\/><script>document.getElementById( \"ak_js_1\" ).setAttribute( \"value\", ( new Date() ).getTime() );<\/script><\/p><div class=\"wpcf7-response-output wpcf7-display-none\"><\/div><\/form><\/div>\n<p>&nbsp;<\/p>\n","protected":false},"excerpt":{"rendered":"<p>Sie hatten einen Schaden? \u00a0Kein Problem!\u00a0 Bitte senden Sie uns einfach das nachstehende Formular vollst\u00e4ndig aufgef\u00fcllt zu. &nbsp;<\/p>\n","protected":false},"author":1,"featured_media":0,"parent":0,"menu_order":7000,"comment_status":"closed","ping_status":"closed","template":"","meta":[],"aioseo_notices":[],"_links":{"self":[{"href":"https:\/\/versicherungsmakler.site\/index.php?rest_route=\/wp\/v2\/pages\/92"}],"collection":[{"href":"https:\/\/versicherungsmakler.site\/index.php?rest_route=\/wp\/v2\/pages"}],"about":[{"href":"https:\/\/versicherungsmakler.site\/index.php?rest_route=\/wp\/v2\/types\/page"}],"author":[{"embeddable":true,"href":"https:\/\/versicherungsmakler.site\/index.php?rest_route=\/wp\/v2\/users\/1"}],"replies":[{"embeddable":true,"href":"https:\/\/versicherungsmakler.site\/index.php?rest_route=%2Fwp%2Fv2%2Fcomments&post=92"}],"version-history":[{"count":3,"href":"https:\/\/versicherungsmakler.site\/index.php?rest_route=\/wp\/v2\/pages\/92\/revisions"}],"predecessor-version":[{"id":119,"href":"https:\/\/versicherungsmakler.site\/index.php?rest_route=\/wp\/v2\/pages\/92\/revisions\/119"}],"wp:attachment":[{"href":"https:\/\/versicherungsmakler.site\/index.php?rest_route=%2Fwp%2Fv2%2Fmedia&parent=92"}],"curies":[{"name":"wp","href":"https:\/\/api.w.org\/{rel}","templated":true}]}}