{"id":86,"date":"2020-04-02T09:55:04","date_gmt":"2020-04-02T09:55:04","guid":{"rendered":"http:\/\/versicherungsmakler.site\/?page_id=86"},"modified":"2022-02-01T10:21:50","modified_gmt":"2022-02-01T10:21:50","slug":"versicherungskonzepte","status":"publish","type":"page","link":"https:\/\/versicherungsmakler.site\/?page_id=86","title":{"rendered":"Versicherungskonzepte"},"content":{"rendered":"<p><img decoding=\"async\" loading=\"lazy\" class=\"aligncenter wp-image-180 size-large\" src=\"http:\/\/versicherungsmakler.site\/wp-content\/uploads\/2022\/02\/Banner-JETZT-VERSICHERN-1500pix-1024x261.png\" alt=\"\" width=\"604\" height=\"154\" srcset=\"https:\/\/versicherungsmakler.site\/wp-content\/uploads\/2022\/02\/Banner-JETZT-VERSICHERN-1500pix-1024x261.png 1024w, https:\/\/versicherungsmakler.site\/wp-content\/uploads\/2022\/02\/Banner-JETZT-VERSICHERN-1500pix-300x77.png 300w, https:\/\/versicherungsmakler.site\/wp-content\/uploads\/2022\/02\/Banner-JETZT-VERSICHERN-1500pix-768x196.png 768w, https:\/\/versicherungsmakler.site\/wp-content\/uploads\/2022\/02\/Banner-JETZT-VERSICHERN-1500pix.png 1500w\" sizes=\"(max-width: 604px) 100vw, 604px\" \/><\/p>\n<p>Als Versicherungsmakler sehen wir uns in der Pflicht unseren Kunden nicht nur vorgefertigte Versicherungsprodukte anzubieten, sondern selber Konzepte zu entwickeln die Ihren Versicherungsbedarf optimal abdecken.<\/p>\n<p>Zu den von uns entwickelten Spezialprodukten z\u00e4hlen unter anderem:<\/p>\n<ul>\n<li><a title=\"Kraftfahrtpolicen PRO\" href=\"http:\/\/versicherungsmakler.site\/?page_id=110\">K-Flotten Pauschalpolicen<\/a><\/li>\n<li><a title=\"Haftpflicht PRO\" href=\"http:\/\/versicherungsmakler.site\/?page_id=112\">Spezielle Haftpflichtkonzepte f\u00fcr Beruf, Gewerbe und Industrie<\/a><\/li>\n<li><a title=\"Fotoversicherung\" href=\"http:\/\/versicherungsmakler.site\/?page_id=99\">Spezialversicherungen f\u00fcr Fotografen<\/a><\/li>\n<li><a title=\"Radkasko\" href=\"http:\/\/versicherungsmakler.site\/?page_id=105\">Vollkasko f\u00fcr Fahrr\u00e4der<\/a><\/li>\n<li><a title=\"DrohnenKASKO\" href=\"http:\/\/versicherungsmakler.site\/?page_id=108\">Drohnenversicherungen<\/a><\/li>\n<\/ul>\n<p>N\u00e4here Informationen zu diesen Konzepten finden Sie auf den folgenden Seiten.<\/p>\n<p>Bei Fragen stehen wir Ihnen gerne unter 0251-789000, per Mail oder nach<br \/>\nTerminabsprache\u00a0pers\u00f6nlich zur Verf\u00fcgung.<\/p>\n","protected":false},"excerpt":{"rendered":"<p>Als Versicherungsmakler sehen wir uns in der Pflicht unseren Kunden nicht nur vorgefertigte Versicherungsprodukte anzubieten, sondern selber Konzepte zu entwickeln die Ihren Versicherungsbedarf optimal abdecken. Zu den von uns entwickelten Spezialprodukten z\u00e4hlen unter anderem: K-Flotten Pauschalpolicen Spezielle Haftpflichtkonzepte f\u00fcr Beruf, Gewerbe und Industrie Spezialversicherungen f\u00fcr Fotografen Vollkasko f\u00fcr Fahrr\u00e4der Drohnenversicherungen N\u00e4here Informationen zu diesen Konzepten &hellip; <a href=\"https:\/\/versicherungsmakler.site\/?page_id=86\" class=\"more-link\"><span class=\"screen-reader-text\">Versicherungskonzepte<\/span> weiterlesen <span class=\"meta-nav\">&rarr;<\/span><\/a><\/p>\n","protected":false},"author":1,"featured_media":0,"parent":0,"menu_order":1000,"comment_status":"closed","ping_status":"closed","template":"","meta":[],"aioseo_notices":[],"_links":{"self":[{"href":"https:\/\/versicherungsmakler.site\/index.php?rest_route=\/wp\/v2\/pages\/86"}],"collection":[{"href":"https:\/\/versicherungsmakler.site\/index.php?rest_route=\/wp\/v2\/pages"}],"about":[{"href":"https:\/\/versicherungsmakler.site\/index.php?rest_route=\/wp\/v2\/types\/page"}],"author":[{"embeddable":true,"href":"https:\/\/versicherungsmakler.site\/index.php?rest_route=\/wp\/v2\/users\/1"}],"replies":[{"embeddable":true,"href":"https:\/\/versicherungsmakler.site\/index.php?rest_route=%2Fwp%2Fv2%2Fcomments&post=86"}],"version-history":[{"count":6,"href":"https:\/\/versicherungsmakler.site\/index.php?rest_route=\/wp\/v2\/pages\/86\/revisions"}],"predecessor-version":[{"id":181,"href":"https:\/\/versicherungsmakler.site\/index.php?rest_route=\/wp\/v2\/pages\/86\/revisions\/181"}],"wp:attachment":[{"href":"https:\/\/versicherungsmakler.site\/index.php?rest_route=%2Fwp%2Fv2%2Fmedia&parent=86"}],"curies":[{"name":"wp","href":"https:\/\/api.w.org\/{rel}","templated":true}]}}