{"id":115,"date":"2020-04-02T14:08:07","date_gmt":"2020-04-02T14:08:07","guid":{"rendered":"http:\/\/versicherungsmakler.site\/?page_id=115"},"modified":"2020-04-03T09:36:42","modified_gmt":"2020-04-03T09:36:42","slug":"technische-versicherungen","status":"publish","type":"page","link":"https:\/\/versicherungsmakler.site\/?page_id=115","title":{"rendered":"Technische Versicherungen"},"content":{"rendered":"<p><img decoding=\"async\" loading=\"lazy\" class=\"aligncenter size-large wp-image-7\" src=\"http:\/\/versicherungsmakler.site\/wp-content\/uploads\/2020\/03\/AdobeStock_34756450-1024x647.jpeg\" alt=\"\" width=\"604\" height=\"382\" srcset=\"https:\/\/versicherungsmakler.site\/wp-content\/uploads\/2020\/03\/AdobeStock_34756450-1024x647.jpeg 1024w, https:\/\/versicherungsmakler.site\/wp-content\/uploads\/2020\/03\/AdobeStock_34756450-300x189.jpeg 300w, https:\/\/versicherungsmakler.site\/wp-content\/uploads\/2020\/03\/AdobeStock_34756450-768x485.jpeg 768w\" sizes=\"(max-width: 604px) 100vw, 604px\" \/><\/p>\n<p><strong>P\u00f6ppings Rahmenvertrag\u2028\u00a0<\/strong><strong>zur technischen Versicherung<br \/>\n<\/strong>besondere Vereinbarungen + Bedingungen in Erg\u00e4nzung zu den ABMG, ABG, MTV in der jeweils neuesten Fassung<\/p>\n<ul>\n<li>modernste Bedingungen mit Versehensklausel<\/li>\n<li>Unterversicherungsverzicht,\u00a0 Versicherungssumme nach\u2028\u00a0 tats\u00e4chlichem Kaufpreis, nicht nach \u00fcberh\u00f6hten Listenpreisen<\/li>\n<li>faire, kaufm\u00e4nnisch kalkulierte Pr\u00e4mien mit Gewinnbeteiligung \u2028 bei schadensgutem Verlauf<\/li>\n<li>\u00a0schnellste Schadenerledigung durch Gutachterbestimmung im\u2028\u00a0 Vertrag (Beauftragung direkt durch Versicherungsnehmer)<\/li>\n<\/ul>\n<p>&nbsp;<\/p>\n<p><strong>P\u00f6ppings Rahmenvertrag\u2028 zur Bauleistungsversicherung<br \/>\n<\/strong>Besondere Vereinbarungen + Bedingungen in Erg\u00e4nzung zu den\u2028 ABU + ABN in der jeweils neuesten Fassung<\/p>\n<ul>\n<li>moderner Rahmenvertrag mit Gewinnbeteiligungsregelung\u2028- Einschluss des Auftraggeberrisikos<\/li>\n<li>Einschluss betriebsbedingter Nebenrisiken (z.B. Bewuchs, \u2028\u00a0 Bepflanzung im Garten Landschaftsbau, Sportst\u00e4tten und\u2028 Golfplatzbau)<\/li>\n<li>schnelle und sachgerechte Schadenabwicklung durch unsere Begleitung<\/li>\n<\/ul>\n<p>&nbsp;<\/p>\n<p><strong>P\u00f6ppings Rahmenvertrag \u2028zur Elektronikversicherung<br \/>\n<\/strong>Besondere Vereinbarungen + Bedingungen in Erg\u00e4nzung zu \u2028den ABE in der jeweils neuesten Fassung<\/p>\n<ul>\n<li>moderner pauschalierter Rahmenvertrag ohne Einzelnennung der\u2028\u00a0 Ger\u00e4te, mit Gewinnbeteiligungsregelung<\/li>\n<li>alle Elektronikger\u00e4te, B\u00fcroelektronik, EDV, Kommunikationsanlagen, \u2028\u00a0 Elektronik + EDV in + auf Werkzeugen und Maschinen<\/li>\n<li>erstklassiges Handling, pauschal nur eine Police f\u00fcr alles<\/li>\n<\/ul>\n<p>&nbsp;<\/p>\n<p><strong>Haben wir Ihr Interesse geweckt ?<\/strong><\/p>\n<p>F\u00fcr weitere Informationen kontaktieren Sie uns bitte unter<br \/>\n0251-789000 oder per <a href=\"mailto:service@poepping.de\" target=\"_blank\" rel=\"noopener noreferrer\">Mail<\/a><\/p>\n","protected":false},"excerpt":{"rendered":"<p>P\u00f6ppings Rahmenvertrag\u2028\u00a0zur technischen Versicherung besondere Vereinbarungen + Bedingungen in Erg\u00e4nzung zu den ABMG, ABG, MTV in der jeweils neuesten Fassung modernste Bedingungen mit Versehensklausel Unterversicherungsverzicht,\u00a0 Versicherungssumme nach\u2028\u00a0 tats\u00e4chlichem Kaufpreis, nicht nach \u00fcberh\u00f6hten Listenpreisen faire, kaufm\u00e4nnisch kalkulierte Pr\u00e4mien mit Gewinnbeteiligung \u2028 bei schadensgutem Verlauf \u00a0schnellste Schadenerledigung durch Gutachterbestimmung im\u2028\u00a0 Vertrag (Beauftragung direkt durch Versicherungsnehmer) &nbsp; P\u00f6ppings &hellip; <a href=\"https:\/\/versicherungsmakler.site\/?page_id=115\" class=\"more-link\"><span class=\"screen-reader-text\">Technische Versicherungen<\/span> weiterlesen <span class=\"meta-nav\">&rarr;<\/span><\/a><\/p>\n","protected":false},"author":1,"featured_media":0,"parent":86,"menu_order":1800,"comment_status":"closed","ping_status":"closed","template":"","meta":[],"aioseo_notices":[],"_links":{"self":[{"href":"https:\/\/versicherungsmakler.site\/index.php?rest_route=\/wp\/v2\/pages\/115"}],"collection":[{"href":"https:\/\/versicherungsmakler.site\/index.php?rest_route=\/wp\/v2\/pages"}],"about":[{"href":"https:\/\/versicherungsmakler.site\/index.php?rest_route=\/wp\/v2\/types\/page"}],"author":[{"embeddable":true,"href":"https:\/\/versicherungsmakler.site\/index.php?rest_route=\/wp\/v2\/users\/1"}],"replies":[{"embeddable":true,"href":"https:\/\/versicherungsmakler.site\/index.php?rest_route=%2Fwp%2Fv2%2Fcomments&post=115"}],"version-history":[{"count":4,"href":"https:\/\/versicherungsmakler.site\/index.php?rest_route=\/wp\/v2\/pages\/115\/revisions"}],"predecessor-version":[{"id":130,"href":"https:\/\/versicherungsmakler.site\/index.php?rest_route=\/wp\/v2\/pages\/115\/revisions\/130"}],"up":[{"embeddable":true,"href":"https:\/\/versicherungsmakler.site\/index.php?rest_route=\/wp\/v2\/pages\/86"}],"wp:attachment":[{"href":"https:\/\/versicherungsmakler.site\/index.php?rest_route=%2Fwp%2Fv2%2Fmedia&parent=115"}],"curies":[{"name":"wp","href":"https:\/\/api.w.org\/{rel}","templated":true}]}}