{"id":112,"date":"2020-04-02T14:06:38","date_gmt":"2020-04-02T14:06:38","guid":{"rendered":"http:\/\/versicherungsmakler.site\/?page_id=112"},"modified":"2021-05-20T10:16:51","modified_gmt":"2021-05-20T10:16:51","slug":"112-2","status":"publish","type":"page","link":"https:\/\/versicherungsmakler.site\/?page_id=112","title":{"rendered":"Haftpflicht PRO"},"content":{"rendered":"<p><a href=\"http:\/\/ihr-versicherungsmakler.com\/wp-content\/uploads\/2015\/03\/Fotolia_49030339_Subscription_Monthly_M.jpg\"><img decoding=\"async\" loading=\"lazy\" class=\"aligncenter size-large wp-image-148\" src=\"http:\/\/versicherungsmakler.site\/wp-content\/uploads\/2021\/05\/AdobeStock_144102200-1024x683.jpeg\" alt=\"\" width=\"604\" height=\"403\" srcset=\"https:\/\/versicherungsmakler.site\/wp-content\/uploads\/2021\/05\/AdobeStock_144102200-1024x683.jpeg 1024w, https:\/\/versicherungsmakler.site\/wp-content\/uploads\/2021\/05\/AdobeStock_144102200-300x200.jpeg 300w, https:\/\/versicherungsmakler.site\/wp-content\/uploads\/2021\/05\/AdobeStock_144102200-768x512.jpeg 768w, https:\/\/versicherungsmakler.site\/wp-content\/uploads\/2021\/05\/AdobeStock_144102200-1536x1024.jpeg 1536w, https:\/\/versicherungsmakler.site\/wp-content\/uploads\/2021\/05\/AdobeStock_144102200-2048x1365.jpeg 2048w\" sizes=\"(max-width: 604px) 100vw, 604px\" \/><br \/>\n<\/a><\/p>\n<p><strong>P\u00f6pping Haftpflichtkonzept<\/strong><br \/>\n<strong>Betriebshaftpflicht \u2013 Umwelthaftpflicht \u2013 Produkthaftpflicht<\/strong><\/p>\n<p>&nbsp;<\/p>\n<p><strong>Spezialpolice f\u00fcr Industrie und Mittelstand <\/strong><\/p>\n<ul>\n<li>auf Umsatz- oder Lohnsummenbasis<\/li>\n<li>modernste branchenzugeschnittene Industriebedingungen<\/li>\n<li>Spezialpolice f\u00fcr Bau-, Abbruch- und Sprengbetriebe \u2028ohne Radiusklausel (Versicherungsschutz ab 0 Meter Radius)<\/li>\n<\/ul>\n<p>Seit \u00fcber 45\u00a0Jahren sind wir die Spezialisten f\u00fcr schweres Haftpflichtgesch\u00e4ft.<br \/>\nFragen Sie uns. Wir haben noch L\u00f6sungen, wenn andere schon passen !!<\/p>\n<p>&nbsp;<\/p>\n<p><strong>Verm\u00f6gensschadenversicherung<\/strong><br \/>\nVielf\u00e4ltige Problemstellungen im Unternehmen ergeben sich\u2028 aus B\u00fcrgschaftsbedarf, Forderungsausfall und vors\u00e4tzlichen unerlaubten \u2028Handlungen von Mitarbeitern.<br \/>\nWir k\u00f6nnen Ihre Risiken durch entsprechenden\u00a0 Versicherungsschutz \u2028minimieren!<\/p>\n<p>&nbsp;<\/p>\n<p><strong>Warenkredit-\/ \u00a0Forderungsausfallversicherungsschutz<\/strong><br \/>\nentsch\u00e4digt Ihre Ausf\u00e4lle von Forderungen aus Warenlieferungen oder auch\u2028Dienstleistungen, die durch Zahlungsunf\u00e4higkeit oder Insolvenz eines Kunden\/Auftraggebers \u2028verursacht wurden.<\/p>\n<p>&nbsp;<\/p>\n<p><strong>Kautionsversicherung oder auch B\u00fcrgschaftsversicherung<\/strong><br \/>\nist gleichzustellen mit Bankb\u00fcrgschaften<br \/>\n\u2013\u00a0unsere Versicherer\u2028 stellen die B\u00fcrgschaften als Sicherheit f\u00fcr die Erf\u00fcllung und Ausf\u00fchrung\u2028 von Auftr\u00e4gen\/Werkvertr\u00e4gen etc.,\u00a0 des Versicherungsnehmers (B\u00fcrgschaftsschuldners) gegen\u00fcber seinen Auftraggebern (B\u00fcrgschaftsnehmern \u2013 Gl\u00e4ubigern) zur Verf\u00fcgung.<\/p>\n<p>Bankb\u00fcrgschaften sind oft sehr teuer und belasten dar\u00fcber hinaus die Gesamtliquidit\u00e4t, \u2028weil die Banken diese B\u00fcrgschaften dem Obligo des Kunden zurechnen und so die M\u00f6glichkeit \u2028weiteren Kreditbedarfs geschm\u00e4lert wird, dieses insbesondere auch unter Ber\u00fccksichtigung \u2028der Basel I + II Richtlinien.<\/p>\n<p>&nbsp;<\/p>\n<p><strong>Vertrauensschadenversicherung<\/strong><br \/>\ndeckt Verm\u00f6genssch\u00e4den ab, die von Mitarbeitern (Vertrauenspersonen) durch vors\u00e4tzliche unerlaubte Handlung, z.B. Diebstahl, Betrug, Unterschlagung, Untreue verursacht wurden.<\/p>\n<p>&nbsp;<\/p>\n<p><strong>Haben wir Ihr Interesse geweckt ?<\/strong><\/p>\n<p>F\u00fcr weitere Informationen kontaktieren Sie uns bitte unter<br \/>\n0251-789000 oder per <a href=\"mailto:service@poepping.de\" target=\"_blank\" rel=\"noopener noreferrer\">Mail<\/a><\/p>\n","protected":false},"excerpt":{"rendered":"<p>P\u00f6pping Haftpflichtkonzept Betriebshaftpflicht \u2013 Umwelthaftpflicht \u2013 Produkthaftpflicht &nbsp; Spezialpolice f\u00fcr Industrie und Mittelstand auf Umsatz- oder Lohnsummenbasis modernste branchenzugeschnittene Industriebedingungen Spezialpolice f\u00fcr Bau-, Abbruch- und Sprengbetriebe \u2028ohne Radiusklausel (Versicherungsschutz ab 0 Meter Radius) Seit \u00fcber 45\u00a0Jahren sind wir die Spezialisten f\u00fcr schweres Haftpflichtgesch\u00e4ft. Fragen Sie uns. Wir haben noch L\u00f6sungen, wenn andere schon passen !! &hellip; <a href=\"https:\/\/versicherungsmakler.site\/?page_id=112\" class=\"more-link\"><span class=\"screen-reader-text\">Haftpflicht PRO<\/span> weiterlesen <span class=\"meta-nav\">&rarr;<\/span><\/a><\/p>\n","protected":false},"author":1,"featured_media":0,"parent":86,"menu_order":1600,"comment_status":"closed","ping_status":"closed","template":"","meta":[],"aioseo_notices":[],"_links":{"self":[{"href":"https:\/\/versicherungsmakler.site\/index.php?rest_route=\/wp\/v2\/pages\/112"}],"collection":[{"href":"https:\/\/versicherungsmakler.site\/index.php?rest_route=\/wp\/v2\/pages"}],"about":[{"href":"https:\/\/versicherungsmakler.site\/index.php?rest_route=\/wp\/v2\/types\/page"}],"author":[{"embeddable":true,"href":"https:\/\/versicherungsmakler.site\/index.php?rest_route=\/wp\/v2\/users\/1"}],"replies":[{"embeddable":true,"href":"https:\/\/versicherungsmakler.site\/index.php?rest_route=%2Fwp%2Fv2%2Fcomments&post=112"}],"version-history":[{"count":4,"href":"https:\/\/versicherungsmakler.site\/index.php?rest_route=\/wp\/v2\/pages\/112\/revisions"}],"predecessor-version":[{"id":157,"href":"https:\/\/versicherungsmakler.site\/index.php?rest_route=\/wp\/v2\/pages\/112\/revisions\/157"}],"up":[{"embeddable":true,"href":"https:\/\/versicherungsmakler.site\/index.php?rest_route=\/wp\/v2\/pages\/86"}],"wp:attachment":[{"href":"https:\/\/versicherungsmakler.site\/index.php?rest_route=%2Fwp%2Fv2%2Fmedia&parent=112"}],"curies":[{"name":"wp","href":"https:\/\/api.w.org\/{rel}","templated":true}]}}